{"id":775,"date":"2020-06-23T18:28:33","date_gmt":"2020-06-23T17:28:33","guid":{"rendered":"http:\/\/fecongd.org\/direitolandia\/jogo\/?page_id=775"},"modified":"2020-06-24T10:30:00","modified_gmt":"2020-06-24T09:30:00","slug":"porque-foi-criada-a-direitolandia","status":"publish","type":"page","link":"http:\/\/fecongd.org\/direitolandia\/jogo\/porque-foi-criada-a-direitolandia\/","title":{"rendered":"Porque foi criada a Direitol\u00e2ndia?"},"content":{"rendered":"<p>[et_pb_section fb_built=&#8221;1&#8243; fullwidth=&#8221;on&#8221; admin_label=&#8221;Banner principal&#8221; _builder_version=&#8221;4.4.8&#8243; background_color=&#8221;#f2f2f2&#8243; background_enable_image=&#8221;off&#8221; top_divider_style=&#8221;clouds2&#8243; top_divider_color=&#8221;rgba(255,255,255,0.6)&#8221; top_divider_height=&#8221;30%&#8221;][et_pb_fullwidth_header title=&#8221;Direitol\u00e2ndia&#8221; subhead=&#8221;Porque foi criada a Direitol\u00e2ndia?&#8221; text_orientation=&#8221;center&#8221; button_one_url=&#8221;#jogos&#8221; _builder_version=&#8221;4.4.8&#8243; title_level=&#8221;h2&#8243; title_font=&#8221;Rubik|700||on|||||&#8221; title_text_color=&#8221;#ff7355&#8243; title_font_size=&#8221;16px&#8221; title_letter_spacing=&#8221;5px&#8221; title_line_height=&#8221;2em&#8221; content_font=&#8221;Rubik||||||||&#8221; content_font_size=&#8221;18px&#8221; content_line_height=&#8221;2em&#8221; subhead_font=&#8221;Rubik|700|||||||&#8221; subhead_text_color=&#8221;rgba(0,0,0,0.8)&#8221; subhead_font_size=&#8221;50px&#8221; subhead_line_height=&#8221;1.4em&#8221; background_enable_color=&#8221;off&#8221; background_enable_image=&#8221;off&#8221; background_size=&#8221;contain&#8221; background_position=&#8221;bottom_center&#8221; custom_button_one=&#8221;on&#8221; button_one_text_size=&#8221;26px&#8221; button_one_text_color=&#8221;#ffffff&#8221; button_one_bg_color=&#8221;#ff7355&#8243; button_one_border_width=&#8221;15px&#8221; button_one_border_color=&#8221;rgba(210,159,104,0)&#8221; button_one_border_radius=&#8221;100px&#8221; button_one_letter_spacing=&#8221;0px&#8221; button_one_font=&#8221;Rubik|700|||||||&#8221; button_one_use_icon=&#8221;off&#8221; custom_button_two=&#8221;on&#8221; button_two_text_size=&#8221;16px&#8221; button_two_text_color=&#8221;#ffffff&#8221; button_two_bg_color=&#8221;rgba(0,0,0,0.6)&#8221; button_two_border_width=&#8221;15px&#8221; button_two_border_color=&#8221;rgba(210,159,104,0)&#8221; button_two_border_radius=&#8221;100px&#8221; button_two_letter_spacing=&#8221;0px&#8221; button_two_font=&#8221;Rubik|700|||||||&#8221; button_two_use_icon=&#8221;off&#8221; background_layout=&#8221;light&#8221; custom_margin=&#8221;|||&#8221; custom_padding=&#8221;||0px||false|false&#8221; animation_style=&#8221;slide&#8221; animation_direction=&#8221;bottom&#8221; animation_intensity_slide=&#8221;1%&#8221; content_font_size_tablet=&#8221;&#8221; content_font_size_phone=&#8221;16px&#8221; content_font_size_last_edited=&#8221;on|phone&#8221; subhead_font_size_tablet=&#8221;&#8221; subhead_font_size_phone=&#8221;30px&#8221; subhead_font_size_last_edited=&#8221;on|phone&#8221; button_one_text_size_tablet=&#8221;&#8221; button_one_text_size_phone=&#8221;16px&#8221; button_one_text_size_last_edited=&#8221;on|phone&#8221; button_one_border_radius_hover=&#8221;100px&#8221; button_two_border_radius_hover=&#8221;100px&#8221; button_one_bg_color_hover=&#8221;#ff8a70&#8243; button_two_bg_color_hover=&#8221;#ff8a70&#8243; button_one_text_size__hover_enabled=&#8221;off&#8221; button_two_text_size__hover_enabled=&#8221;off&#8221; button_one_text_color__hover_enabled=&#8221;off&#8221; button_two_text_color__hover_enabled=&#8221;off&#8221; button_one_border_width__hover_enabled=&#8221;off&#8221; button_two_border_width__hover_enabled=&#8221;off&#8221; button_one_border_color__hover_enabled=&#8221;off&#8221; button_two_border_color__hover_enabled=&#8221;off&#8221; button_one_border_radius__hover_enabled=&#8221;on&#8221; button_one_border_radius__hover=&#8221;100px&#8221; button_two_border_radius__hover_enabled=&#8221;on&#8221; button_two_border_radius__hover=&#8221;100px&#8221; button_one_letter_spacing__hover_enabled=&#8221;off&#8221; button_two_letter_spacing__hover_enabled=&#8221;off&#8221; button_one_bg_color__hover_enabled=&#8221;on&#8221; button_one_bg_color__hover=&#8221;#ff8a70&#8243; button_two_bg_color__hover_enabled=&#8221;on&#8221; button_two_bg_color__hover=&#8221;#ff8a70&#8243;][\/et_pb_fullwidth_header][\/et_pb_section][et_pb_section fb_built=&#8221;1&#8243; admin_label=&#8221;V\u00eddeo de apresenta\u00e7\u00e3o&#8221; _builder_version=&#8221;4.4.8&#8243; background_color=&#8221;#f2f2f2&#8243; background_enable_image=&#8221;off&#8221; parallax=&#8221;on&#8221; custom_margin=&#8221;-50px||||false|false&#8221; custom_padding=&#8221;0px|0px||0px|false|false&#8221;][et_pb_row admin_label=&#8221;V\u00eddeo&#8221; _builder_version=&#8221;4.4.8&#8243; locked=&#8221;off&#8221;][et_pb_column type=&#8221;4_4&#8243; _builder_version=&#8221;3.25&#8243; custom_padding=&#8221;|||&#8221; custom_padding__hover=&#8221;|||&#8221;][et_pb_text disabled_on=&#8221;off|off|off&#8221; _builder_version=&#8221;4.4.8&#8243; text_font=&#8221;Rubik|500|||||||&#8221; text_font_size=&#8221;18px&#8221; text_line_height=&#8221;2em&#8221; header_font=&#8221;||||||||&#8221; header_2_font=&#8221;Rubik|700|||||||&#8221; header_2_font_size=&#8221;40px&#8221; header_2_line_height=&#8221;1.4em&#8221; header_5_font=&#8221;Rubik|700||on|||||&#8221; header_5_text_color=&#8221;#2b76df&#8221; header_5_letter_spacing=&#8221;5px&#8221; header_5_line_height=&#8221;1.5em&#8221; text_orientation=&#8221;center&#8221; module_alignment=&#8221;center&#8221; custom_margin=&#8221;56px|||||&#8221; custom_margin_tablet=&#8221;0px|||&#8221; custom_margin_last_edited=&#8221;off|desktop&#8221; hover_enabled=&#8221;0&#8243; text_line_height_last_edited=&#8221;off|desktop&#8221; header_2_font_size_tablet=&#8221;&#8221; header_2_font_size_phone=&#8221;30px&#8221; header_2_font_size_last_edited=&#8221;on|phone&#8221;]<\/p>\n<p>Todas as sociedades devem aspirar a que as suas crian\u00e7as possam crescer e transformar-se em cidad\u00e3os respons\u00e1veis que contribuam para o bem- estar das suas comunidades. Contudo, em muitos pa\u00edses do mundo, muitas crian\u00e7as veem negados os direitos que lhes possibilitariam desenvolver esse potencial.<\/p>\n<p>H\u00e1 crian\u00e7as que sofrem diariamente viol\u00eancia e abusos; outras trabalham durante v\u00e1rias horas, comprometendo a sua sa\u00fade e educa\u00e7\u00e3o; muitas n\u00e3o t\u00eam acesso \u00e0 escola ou sofrem de doen\u00e7as que noutros pa\u00edses s\u00e3o facilmente evitadas. A nega\u00e7\u00e3o destes direitos b\u00e1sicos n\u00e3o s\u00f3 causa um sofrimento pessoal, como tamb\u00e9m semeia nestes cidad\u00e3os em forma\u00e7\u00e3o um sentimento de exclus\u00e3o social e pol\u00edtica.<\/p>\n<p>Ser crian\u00e7a n\u00e3o \u00e9 uma realidade uniforme em todos os lugares do mundo. A demografia, o acesso \u00e0 educa\u00e7\u00e3o e \u00e0s condi\u00e7\u00f5es de sa\u00fade e de nutri\u00e7\u00e3o adequadas, a taxa de sobreviv\u00eancia das crian\u00e7as ou o tempo em que as m\u00e3es e pais podem acompanhar os seus beb\u00e9s ap\u00f3s o nascimento dependem do pa\u00eds em que a crian\u00e7a vive. S\u00e3o diversos os fatores de desigualdade na forma como cada crian\u00e7a v\u00ea concretizado o seu direito a viver a inf\u00e2ncia com respeito pelo seu superior interesse, a principal norma orientadora da Conven\u00e7\u00e3o sobre os Direitos da Crian\u00e7a (CDC), adotada pela Assembleia Geral da ONU a 20 de novembro de 1989. Esta Conven\u00e7\u00e3o consagra os direitos universais de todas as crian\u00e7as e foi ratificada pela generalidade dos pa\u00edses, incluindo Portugal e os demais pa\u00edses lus\u00f3fonos, pelo que todos t\u00eam a responsabilidade conjunta de garantir que esses direitos s\u00e3o satisfeitos.<\/p>\n<p>O projeto \u201cTerra dos Direitos\u201d, no \u00e2mbito do qual foi desenhada a Direitol\u00e2ndia, insere-se numa abordagem de ED como educa\u00e7\u00e3o global, que visa a promo\u00e7\u00e3o de valores e atitudes de maior solidariedade e justi\u00e7a global, atrav\u00e9s da mudan\u00e7a de comportamentos individuais. Na sua especificidade, o projeto \u201cTerra dos Direitos\u201d orienta a sua interven\u00e7\u00e3o para uma abordagem de interven\u00e7\u00e3o baseada na utiliza\u00e7\u00e3o de metodologias participativas de reflex\u00e3o-a\u00e7\u00e3o, dando voz aos atores do Sul e do Norte, \u00e0s suas dificuldades e sucessos no \u00e2mbito da defesa e prote\u00e7\u00e3o universal dos direitos da crian\u00e7a, no espa\u00e7o da opini\u00e3o p\u00fablica portuguesa e em contexto de a\u00e7\u00f5es de educa\u00e7\u00e3o de crian\u00e7as.<\/p>\n<p>\u00c9 preciso criar uma opini\u00e3o p\u00fablica mais consciente da complexa rede global, das rela\u00e7\u00f5es de interdepend\u00eancia e da no\u00e7\u00e3o de pobreza como problema global comum, que a todos afeta, e para cujas causas e respostas existe uma corresponsabilidade. \u00c9 igualmente necess\u00e1ria a cria\u00e7\u00e3o de mecanismos que favore\u00e7am um maior conhecimento, di\u00e1logo e partilha de experi\u00eancias e aprendizagens entre o Norte e o Sul, que ajudem a construir rela\u00e7\u00f5es de paridade e que estimulem a participa\u00e7\u00e3o ativa e cr\u00edtica dos cidad\u00e3os no processo de Desenvolvimento.\u00a0<\/p>\n<p>[\/et_pb_text][et_pb_button button_url=&#8221;http:\/\/fecongd.org\/direitolandia\/jogo\/&#8221; button_text=&#8221;Regressar \u00e0 p\u00e1gina inicial&#8221; button_alignment=&#8221;center&#8221; _builder_version=&#8221;4.4.8&#8243; custom_button=&#8221;on&#8221; button_text_color=&#8221;#ffffff&#8221; button_bg_color=&#8221;#848484&#8243; button_border_color=&#8221;rgba(0,0,0,0)&#8221; button_border_radius=&#8221;12px&#8221; button_font=&#8221;Rubik||||||||&#8221;][\/et_pb_button][\/et_pb_column][\/et_pb_row][\/et_pb_section][et_pb_section fb_built=&#8221;1&#8243; fullwidth=&#8221;on&#8221; admin_label=&#8221;Banner principal&#8221; _builder_version=&#8221;4.4.8&#8243; background_color=&#8221;#f2f2f2&#8243; background_enable_image=&#8221;off&#8221; parallax=&#8221;on&#8221; top_divider_style=&#8221;clouds2&#8243; top_divider_color=&#8221;rgba(255,255,255,0.6)&#8221; top_divider_height=&#8221;30%&#8221;][et_pb_fullwidth_header text_orientation=&#8221;center&#8221; button_one_url=&#8221;#jogos&#8221; _builder_version=&#8221;4.4.8&#8243; title_level=&#8221;h2&#8243; title_font=&#8221;Rubik|700||on|||||&#8221; title_text_color=&#8221;#ff7355&#8243; title_font_size=&#8221;16px&#8221; title_letter_spacing=&#8221;5px&#8221; title_line_height=&#8221;2em&#8221; content_font=&#8221;Rubik||||||||&#8221; content_font_size=&#8221;18px&#8221; content_line_height=&#8221;2em&#8221; subhead_font=&#8221;Rubik|700|||||||&#8221; subhead_text_color=&#8221;rgba(0,0,0,0.8)&#8221; subhead_font_size=&#8221;50px&#8221; subhead_line_height=&#8221;1.4em&#8221; background_color=&#8221;#dedede&#8221; background_image=&#8221;http:\/\/fecongd.org\/direitolandia\/jogo\/wp-content\/uploads\/2020\/06\/direitolandia-homepage-bg.jpg&#8221; background_size=&#8221;contain&#8221; background_position=&#8221;bottom_center&#8221; custom_button_one=&#8221;on&#8221; button_one_text_size=&#8221;26px&#8221; button_one_text_color=&#8221;#ffffff&#8221; button_one_bg_color=&#8221;#ff7355&#8243; button_one_border_width=&#8221;15px&#8221; button_one_border_color=&#8221;rgba(210,159,104,0)&#8221; button_one_border_radius=&#8221;100px&#8221; button_one_letter_spacing=&#8221;0px&#8221; button_one_font=&#8221;Rubik|700|||||||&#8221; button_one_use_icon=&#8221;off&#8221; custom_button_two=&#8221;on&#8221; button_two_text_size=&#8221;16px&#8221; button_two_text_color=&#8221;#ffffff&#8221; button_two_bg_color=&#8221;rgba(0,0,0,0.6)&#8221; button_two_border_width=&#8221;15px&#8221; button_two_border_color=&#8221;rgba(210,159,104,0)&#8221; button_two_border_radius=&#8221;100px&#8221; button_two_letter_spacing=&#8221;0px&#8221; button_two_font=&#8221;Rubik|700|||||||&#8221; button_two_use_icon=&#8221;off&#8221; background_layout=&#8221;light&#8221; custom_margin=&#8221;|||&#8221; custom_padding=&#8221;10vw||24vw|&#8221; animation_style=&#8221;slide&#8221; animation_direction=&#8221;bottom&#8221; animation_intensity_slide=&#8221;1%&#8221; content_font_size_tablet=&#8221;&#8221; content_font_size_phone=&#8221;16px&#8221; content_font_size_last_edited=&#8221;on|phone&#8221; subhead_font_size_tablet=&#8221;&#8221; subhead_font_size_phone=&#8221;30px&#8221; subhead_font_size_last_edited=&#8221;on|phone&#8221; button_one_text_size_tablet=&#8221;&#8221; button_one_text_size_phone=&#8221;16px&#8221; button_one_text_size_last_edited=&#8221;on|phone&#8221; box_shadow_style=&#8221;preset6&#8243; box_shadow_vertical=&#8221;-10px&#8221; box_shadow_color=&#8221;rgba(0,0,0,0.2)&#8221; button_one_border_radius_hover=&#8221;100px&#8221; button_two_border_radius_hover=&#8221;100px&#8221; button_one_bg_color_hover=&#8221;#ff8a70&#8243; button_two_bg_color_hover=&#8221;#ff8a70&#8243; button_one_text_size__hover_enabled=&#8221;off&#8221; button_two_text_size__hover_enabled=&#8221;off&#8221; button_one_text_color__hover_enabled=&#8221;off&#8221; button_two_text_color__hover_enabled=&#8221;off&#8221; button_one_border_width__hover_enabled=&#8221;off&#8221; button_two_border_width__hover_enabled=&#8221;off&#8221; button_one_border_color__hover_enabled=&#8221;off&#8221; button_two_border_color__hover_enabled=&#8221;off&#8221; button_one_border_radius__hover_enabled=&#8221;on&#8221; button_one_border_radius__hover=&#8221;100px&#8221; button_two_border_radius__hover_enabled=&#8221;on&#8221; button_two_border_radius__hover=&#8221;100px&#8221; button_one_letter_spacing__hover_enabled=&#8221;off&#8221; button_two_letter_spacing__hover_enabled=&#8221;off&#8221; button_one_bg_color__hover_enabled=&#8221;on&#8221; button_one_bg_color__hover=&#8221;#ff8a70&#8243; button_two_bg_color__hover_enabled=&#8221;on&#8221; button_two_bg_color__hover=&#8221;#ff8a70&#8243;][\/et_pb_fullwidth_header][\/et_pb_section]<\/p>\n","protected":false},"excerpt":{"rendered":"<p>Direitol\u00e2ndia Porque foi criada a Direitol\u00e2ndia? Todas as sociedades devem aspirar a que as suas crian\u00e7as possam crescer e transformar-se em cidad\u00e3os respons\u00e1veis que contribuam para o bem- estar das suas comunidades. Contudo, em muitos pa\u00edses do mundo, muitas crian\u00e7as veem negados os direitos que lhes possibilitariam desenvolver esse potencial. H\u00e1 crian\u00e7as que sofrem diariamente [&hellip;]<\/p>\n","protected":false},"author":1,"featured_media":0,"parent":0,"menu_order":0,"comment_status":"closed","ping_status":"closed","template":"page-template-blank.php","meta":{"_et_pb_use_builder":"on","_et_pb_old_content":"","_et_gb_content_width":""},"_links":{"self":[{"href":"http:\/\/fecongd.org\/direitolandia\/jogo\/wp-json\/wp\/v2\/pages\/775"}],"collection":[{"href":"http:\/\/fecongd.org\/direitolandia\/jogo\/wp-json\/wp\/v2\/pages"}],"about":[{"href":"http:\/\/fecongd.org\/direitolandia\/jogo\/wp-json\/wp\/v2\/types\/page"}],"author":[{"embeddable":true,"href":"http:\/\/fecongd.org\/direitolandia\/jogo\/wp-json\/wp\/v2\/users\/1"}],"replies":[{"embeddable":true,"href":"http:\/\/fecongd.org\/direitolandia\/jogo\/wp-json\/wp\/v2\/comments?post=775"}],"version-history":[{"count":7,"href":"http:\/\/fecongd.org\/direitolandia\/jogo\/wp-json\/wp\/v2\/pages\/775\/revisions"}],"predecessor-version":[{"id":904,"href":"http:\/\/fecongd.org\/direitolandia\/jogo\/wp-json\/wp\/v2\/pages\/775\/revisions\/904"}],"wp:attachment":[{"href":"http:\/\/fecongd.org\/direitolandia\/jogo\/wp-json\/wp\/v2\/media?parent=775"}],"curies":[{"name":"wp","href":"https:\/\/api.w.org\/{rel}","templated":true}]}}