{"id":714,"date":"2020-06-23T14:29:28","date_gmt":"2020-06-23T13:29:28","guid":{"rendered":"http:\/\/fecongd.org\/direitolandia\/jogo\/?page_id=714"},"modified":"2020-07-16T10:22:06","modified_gmt":"2020-07-16T09:22:06","slug":"educacao","status":"publish","type":"page","link":"http:\/\/fecongd.org\/direitolandia\/jogo\/educacao\/","title":{"rendered":"Educa\u00e7\u00e3o"},"content":{"rendered":"<p>[et_pb_section fb_built=&#8221;1&#8243; admin_label=&#8221;Section&#8221; _builder_version=&#8221;4.4.8&#8243; background_color=&#8221;#dcdcdc&#8221; custom_padding=&#8221;15px||20px|||&#8221; border_color_bottom=&#8221;#28aae1&#8243;][et_pb_row _builder_version=&#8221;4.4.8&#8243;][et_pb_column type=&#8221;4_4&#8243; _builder_version=&#8221;4.4.8&#8243;][et_pb_text _builder_version=&#8221;4.4.8&#8243; background_color=&#8221;#dcdcdc&#8221;]<\/p>\n<p style=\"text-align: center;\"><a href=\"http:\/\/fecongd.org\/direitolandia\/jogo\/sentir-a-diversidade\/\"><img loading=\"lazy\" class=\"alignnone wp-image-601\" src=\"http:\/\/fecongd.org\/direitolandia\/jogo\/wp-content\/uploads\/2020\/06\/previous-150x150.png\" alt=\"\" width=\"50\" height=\"50\" srcset=\"http:\/\/fecongd.org\/direitolandia\/jogo\/wp-content\/uploads\/2020\/06\/previous-150x150.png 150w, http:\/\/fecongd.org\/direitolandia\/jogo\/wp-content\/uploads\/2020\/06\/previous.png 300w\" sizes=\"(max-width: 50px) 100vw, 50px\" \/><\/a><a href=\"http:\/\/fecongd.org\/direitolandia\/jogo\"><img loading=\"lazy\" class=\"alignnone wp-image-599\" src=\"http:\/\/fecongd.org\/direitolandia\/jogo\/wp-content\/uploads\/2020\/06\/home-150x150.png\" alt=\"\" width=\"50\" height=\"50\" srcset=\"http:\/\/fecongd.org\/direitolandia\/jogo\/wp-content\/uploads\/2020\/06\/home-150x150.png 150w, http:\/\/fecongd.org\/direitolandia\/jogo\/wp-content\/uploads\/2020\/06\/home.png 300w\" sizes=\"(max-width: 50px) 100vw, 50px\" \/><\/a><a href=\"http:\/\/fecongd.org\/direitolandia\/jogo\/nutricao-e-alimentacao\/\"><img loading=\"lazy\" class=\"alignnone wp-image-599\" src=\"http:\/\/fecongd.org\/direitolandia\/jogo\/wp-content\/uploads\/2020\/06\/next-150x150.png\" alt=\"\" width=\"50\" height=\"50\" \/><\/a><\/p>\n<p>[\/et_pb_text][et_pb_text _builder_version=&#8221;4.4.8&#8243; header_2_font=&#8221;Rubik|700||on|||||&#8221; header_2_text_align=&#8221;center&#8221; header_2_text_color=&#8221;#3f3f3f&#8221; header_2_font_size=&#8221;36px&#8221;]<\/p>\n<h2>Educa\u00e7\u00e3o<\/h2>\n<p>[\/et_pb_text][et_pb_text _builder_version=&#8221;4.4.8&#8243; text_font=&#8221;Rubik||||||||&#8221; text_font_size=&#8221;17px&#8221; text_orientation=&#8221;center&#8221;]<\/p>\n<p style=\"text-align: center;\">Ter acesso a uma educa\u00e7\u00e3o gratuita e de qualidade \u00e9 um direito de todas as crian\u00e7as.<\/p>\n<p style=\"text-align: center;\">Atrav\u00e9s deste jogo descobre algumas das coisas que j\u00e1 aprendeste por teres acesso \u00e0 educa\u00e7\u00e3o.<\/p>\n<p>[\/et_pb_text][\/et_pb_column][\/et_pb_row][\/et_pb_section][et_pb_section fb_built=&#8221;1&#8243; fullwidth=&#8221;on&#8221; _builder_version=&#8221;4.4.8&#8243; background_color=&#8221;#dcdcdc&#8221; width=&#8221;100%&#8221; hover_enabled=&#8221;0&#8243; max_width_last_edited=&#8221;on|phone&#8221; max_width_phone=&#8221;1280px&#8221;][et_pb_fullwidth_code _builder_version=&#8221;4.4.8&#8243; background_color=&#8221;#dcdcdc&#8221; text_orientation=&#8221;center&#8221; custom_padding=&#8221;0px|||||&#8221; hover_enabled=&#8221;0&#8243; max_width_last_edited=&#8221;on|phone&#8221; max_width_phone=&#8221;1280px&#8221;]<\/p>\n<div style=\"background-color: #dcdcdc;\"><!-- [et_pb_line_break_holder] --><iframe src=\"https:\/\/criativo31.pt\/direitolandia\/jogos\/04\/index.html\" style=\"width: 100%; height: 2000px;\" allowtransparency=\"true\"><!-- [et_pb_line_break_holder] -->  <!-- [et_pb_line_break_holder] --><\/iframe><!-- [et_pb_line_break_holder] --><\/div>\n<p>[\/et_pb_fullwidth_code][\/et_pb_section]<\/p>\n","protected":false},"excerpt":{"rendered":"<p>Educa\u00e7\u00e3o Ter acesso a uma educa\u00e7\u00e3o gratuita e de qualidade \u00e9 um direito de todas as crian\u00e7as. Atrav\u00e9s deste jogo descobre algumas das coisas que j\u00e1 aprendeste por teres acesso \u00e0 educa\u00e7\u00e3o.<\/p>\n","protected":false},"author":1,"featured_media":0,"parent":0,"menu_order":0,"comment_status":"closed","ping_status":"closed","template":"page-template-blank.php","meta":{"_et_pb_use_builder":"on","_et_pb_old_content":"","_et_gb_content_width":""},"_links":{"self":[{"href":"http:\/\/fecongd.org\/direitolandia\/jogo\/wp-json\/wp\/v2\/pages\/714"}],"collection":[{"href":"http:\/\/fecongd.org\/direitolandia\/jogo\/wp-json\/wp\/v2\/pages"}],"about":[{"href":"http:\/\/fecongd.org\/direitolandia\/jogo\/wp-json\/wp\/v2\/types\/page"}],"author":[{"embeddable":true,"href":"http:\/\/fecongd.org\/direitolandia\/jogo\/wp-json\/wp\/v2\/users\/1"}],"replies":[{"embeddable":true,"href":"http:\/\/fecongd.org\/direitolandia\/jogo\/wp-json\/wp\/v2\/comments?post=714"}],"version-history":[{"count":14,"href":"http:\/\/fecongd.org\/direitolandia\/jogo\/wp-json\/wp\/v2\/pages\/714\/revisions"}],"predecessor-version":[{"id":958,"href":"http:\/\/fecongd.org\/direitolandia\/jogo\/wp-json\/wp\/v2\/pages\/714\/revisions\/958"}],"wp:attachment":[{"href":"http:\/\/fecongd.org\/direitolandia\/jogo\/wp-json\/wp\/v2\/media?parent=714"}],"curies":[{"name":"wp","href":"https:\/\/api.w.org\/{rel}","templated":true}]}}