{"id":417,"date":"2020-06-18T00:56:20","date_gmt":"2020-06-17T23:56:20","guid":{"rendered":"http:\/\/fecongd.org\/direitolandia\/jogo\/?page_id=417"},"modified":"2020-06-24T09:55:04","modified_gmt":"2020-06-24T08:55:04","slug":"participacao","status":"publish","type":"page","link":"http:\/\/fecongd.org\/direitolandia\/jogo\/participacao\/","title":{"rendered":"Participa\u00e7\u00e3o"},"content":{"rendered":"<p>[et_pb_section fb_built=&#8221;1&#8243; admin_label=&#8221;Section&#8221; _builder_version=&#8221;4.4.8&#8243; background_color=&#8221;#dcdcdc&#8221; custom_padding=&#8221;15px||20px|||&#8221; border_color_bottom=&#8221;#28aae1&#8243;][et_pb_row _builder_version=&#8221;4.4.8&#8243;][et_pb_column type=&#8221;4_4&#8243; _builder_version=&#8221;4.4.8&#8243;][et_pb_text _builder_version=&#8221;4.4.8&#8243; background_color=&#8221;#dcdcdc&#8221;]<\/p>\n<p style=\"text-align: center;\"><a href=\"http:\/\/fecongd.org\/direitolandia\/jogo\/brincar\/\"><img loading=\"lazy\" class=\"alignnone wp-image-601\" src=\"http:\/\/fecongd.org\/direitolandia\/jogo\/wp-content\/uploads\/2020\/06\/previous-150x150.png\" alt=\"\" width=\"50\" height=\"50\" srcset=\"http:\/\/fecongd.org\/direitolandia\/jogo\/wp-content\/uploads\/2020\/06\/previous-150x150.png 150w, http:\/\/fecongd.org\/direitolandia\/jogo\/wp-content\/uploads\/2020\/06\/previous.png 300w\" sizes=\"(max-width: 50px) 100vw, 50px\" \/><\/a><a href=\"http:\/\/fecongd.org\/direitolandia\/jogo\"><img loading=\"lazy\" class=\"alignnone wp-image-599\" src=\"http:\/\/fecongd.org\/direitolandia\/jogo\/wp-content\/uploads\/2020\/06\/home-150x150.png\" alt=\"\" width=\"50\" height=\"50\" srcset=\"http:\/\/fecongd.org\/direitolandia\/jogo\/wp-content\/uploads\/2020\/06\/home-150x150.png 150w, http:\/\/fecongd.org\/direitolandia\/jogo\/wp-content\/uploads\/2020\/06\/home.png 300w\" sizes=\"(max-width: 50px) 100vw, 50px\" \/><\/a><a href=\"http:\/\/fecongd.org\/direitolandia\/jogo\/a-entrada-na-direitolandia\/\"><img loading=\"lazy\" class=\"alignnone wp-image-599\" src=\"http:\/\/fecongd.org\/direitolandia\/jogo\/wp-content\/uploads\/2020\/06\/next-150x150.png\" alt=\"\" width=\"50\" height=\"50\" \/><\/a><\/p>\n<p>[\/et_pb_text][et_pb_text _builder_version=&#8221;4.4.8&#8243; header_2_font=&#8221;Rubik|700||on|||||&#8221; header_2_text_align=&#8221;center&#8221; header_2_text_color=&#8221;#3f3f3f&#8221; header_2_font_size=&#8221;36px&#8221;]<\/p>\n<h2>Direito \u00e0 Participa\u00e7\u00e3o<\/h2>\n<p>[\/et_pb_text][et_pb_text _builder_version=&#8221;4.4.8&#8243; text_font=&#8221;Rubik||||||||&#8221; text_font_size=&#8221;17px&#8221; text_orientation=&#8221;center&#8221; hover_enabled=&#8221;0&#8243;]<\/p>\n<p>O que \u00e9 que tu gostas mais do s\u00edtio onde vives? O que \u00e9 que achas que podes fazer para melhorar aquilo que achas que n\u00e3o est\u00e1 t\u00e3o bem?<\/p>\n<p>Desenha como gostarias que fosse o lugar onde vives e envia-nos para podermos colocar o teu desenho na galeria da Direitol\u00e2ndia.<\/p>\n<p>[\/et_pb_text][et_pb_text disabled_on=&#8221;off|off|off&#8221; admin_label=&#8221;formulario&#8221; _builder_version=&#8221;4.4.8&#8243; text_font=&#8221;Rubik|500|||||||&#8221; text_font_size=&#8221;16px&#8221; text_line_height=&#8221;2em&#8221; header_font=&#8221;||||||||&#8221; header_2_font=&#8221;Rubik|700|||||||&#8221; header_2_font_size=&#8221;40px&#8221; header_2_line_height=&#8221;1.4em&#8221; header_5_font=&#8221;Rubik|700||on|||||&#8221; header_5_text_color=&#8221;#2b76df&#8221; header_5_letter_spacing=&#8221;5px&#8221; header_5_line_height=&#8221;1.5em&#8221; text_orientation=&#8221;center&#8221; max_width=&#8221;700px&#8221; module_alignment=&#8221;center&#8221; custom_margin=&#8221;|||&#8221; custom_margin_tablet=&#8221;0px|||&#8221; custom_margin_last_edited=&#8221;off|desktop&#8221; text_line_height_last_edited=&#8221;off|desktop&#8221; header_2_font_size_tablet=&#8221;&#8221; header_2_font_size_phone=&#8221;30px&#8221; header_2_font_size_last_edited=&#8221;on|phone&#8221;]<\/p>\n<div class=\"caldera-grid\" id=\"caldera_form_1\" data-cf-ver=\"1.9.6\" data-cf-form-id=\"CF5eeaacd47e7ad\"><div id=\"caldera_notices_1\" data-spinner=\"http:\/\/fecongd.org\/direitolandia\/jogo\/wp-admin\/images\/spinner.gif\"><\/div><form data-instance=\"1\" class=\"CF5eeaacd47e7ad caldera_forms_form cfajax-trigger\" method=\"POST\" enctype=\"multipart\/form-data\" id=\"CF5eeaacd47e7ad_1\" data-form-id=\"CF5eeaacd47e7ad\" aria-label=\"cidade\" data-target=\"#caldera_notices_1\" data-template=\"#cfajax_CF5eeaacd47e7ad-tmpl\" data-cfajax=\"CF5eeaacd47e7ad\" data-load-element=\"_parent\" data-load-class=\"cf_processing\" data-post-disable=\"0\" data-action=\"cf_process_ajax_submit\" data-request=\"http:\/\/fecongd.org\/direitolandia\/jogo\/cf-api\/CF5eeaacd47e7ad\" data-hiderows=\"true\">\r\n<input type=\"hidden\" id=\"_cf_verify_CF5eeaacd47e7ad\" name=\"_cf_verify\" value=\"4a51a28b2b\"  data-nonce-time=\"1776593846\" \/><input type=\"hidden\" name=\"_wp_http_referer\" value=\"\/direitolandia\/jogo\/wp-json\/wp\/v2\/pages\/417\" \/><div id=\"cf2-CF5eeaacd47e7ad_1\"><\/div><input type=\"hidden\" name=\"_cf_frm_id\" value=\"CF5eeaacd47e7ad\">\r\n<input type=\"hidden\" name=\"_cf_frm_ct\" value=\"1\">\r\n<input type=\"hidden\" name=\"cfajax\" value=\"CF5eeaacd47e7ad\">\r\n<input type=\"hidden\" name=\"_cf_cr_pst\" value=\"417\">\r\n<div class=\"hide\" style=\"display:none; overflow:hidden;height:0;width:0;\">\r\n<label>Twitter<\/label><input type=\"text\" name=\"twitter\" value=\"\" autocomplete=\"off\">\r\n<\/div><div id=\"CF5eeaacd47e7ad_1-row-1\"  class=\"row  first_row\"><div  class=\"col-sm-12  single\"><div data-field-wrapper=\"fld_8768091\" class=\"form-group\" id=\"fld_8768091_1-wrap\">\r\n\t<label id=\"fld_8768091Label\" for=\"fld_8768091_1\" class=\"control-label\">Nome <span aria-hidden=\"true\" role=\"presentation\" class=\"field_required\" style=\"color:#ee0000;\">*<\/span><\/label>\r\n\t<div class=\"\">\r\n\t\t<input   required type=\"text\" data-field=\"fld_8768091\" class=\" form-control\" id=\"fld_8768091_1\" name=\"fld_8768091\" value=\"\" data-type=\"text\" aria-required=\"true\"   aria-labelledby=\"fld_8768091Label\" >\t\t\t<\/div>\r\n<\/div>\r\n<\/div><\/div><div id=\"CF5eeaacd47e7ad_1-row-2\"  class=\"row \"><div  class=\"col-sm-12  single\"><div data-field-wrapper=\"fld_6009157\" class=\"form-group\" id=\"fld_6009157_1-wrap\">\r\n\t<label id=\"fld_6009157Label\" for=\"fld_6009157_1\" class=\"control-label\">Email <span aria-hidden=\"true\" role=\"presentation\" class=\"field_required\" style=\"color:#ee0000;\">*<\/span><\/label>\r\n\t<div class=\"\">\r\n\t\t<input   required type=\"email\" data-field=\"fld_6009157\" class=\" form-control\" id=\"fld_6009157_1\" name=\"fld_6009157\" value=\"\" data-type=\"email\" aria-required=\"true\"   aria-labelledby=\"fld_6009157Label\" >\t\t\t<\/div>\r\n<\/div>\r\n<\/div><\/div><div id=\"CF5eeaacd47e7ad_1-row-3\"  class=\"row \"><div  class=\"col-sm-12  single\"><div data-field-wrapper=\"fld_7683514\" class=\"form-group\" id=\"fld_7683514_1-wrap\">\r\n\t<label id=\"fld_7683514Label\" for=\"fld_7683514_1\" class=\"control-label\">Desenho da cidade <span aria-hidden=\"true\" role=\"presentation\" class=\"field_required\" style=\"color:#ee0000;\">*<\/span><\/label>\r\n\t<div class=\"file-prevent-overflow\">\r\n\t\t<div id=\"fld_7683514_1_file_list\" class=\"cf-multi-uploader-list\"><\/div>\n\t\t\t\t<input type=\"file\" name=\"fld_7683514\" value=\"\" data-field=\"fld_7683514\" class=\"\" id=\"fld_7683514_1\" data-controlid=\"trupl69e4abb64f8c6\"   required=\"required\"   aria-labelledby=\"fld_7683514Label\">\n\t\t<input type=\"hidden\" name=\"fld_7683514\" value=\"trupl69e4abb64f8c6\">\n\t\t\t<\/div>\r\n<\/div>\r\n<\/div><\/div><div id=\"CF5eeaacd47e7ad_1-row-4\"  class=\"row  last_row\"><div  class=\"col-sm-12  single\"><div data-field-wrapper=\"fld_7908577\" class=\"form-group\" id=\"fld_7908577_1-wrap\">\r\n<div class=\"\">\r\n\t<input  class=\"btn btn-default\" type=\"submit\" name=\"fld_7908577\" id=\"fld_7908577_1\" value=\"Enviar\" data-field=\"fld_7908577\"  >\n<\/div>\r\n<\/div>\r\n\t<input class=\"button_trigger_1\" type=\"hidden\" name=\"fld_7908577\" id=\"fld_7908577_1_btn\" value=\"\" data-field=\"fld_7908577\"  \/>\n<\/div><\/div><\/form>\r\n<\/div>\r\n\n<p>[\/et_pb_text][\/et_pb_column][\/et_pb_row][\/et_pb_section][et_pb_section fb_built=&#8221;1&#8243; fullwidth=&#8221;on&#8221; admin_label=&#8221;Banner principal&#8221; _builder_version=&#8221;4.4.8&#8243; background_color=&#8221;#f2f2f2&#8243; background_enable_image=&#8221;off&#8221; parallax=&#8221;on&#8221; top_divider_style=&#8221;clouds2&#8243; top_divider_color=&#8221;rgba(255,255,255,0.6)&#8221; top_divider_height=&#8221;30%&#8221;][et_pb_fullwidth_header text_orientation=&#8221;center&#8221; button_one_url=&#8221;#jogos&#8221; _builder_version=&#8221;4.4.8&#8243; title_level=&#8221;h2&#8243; title_font=&#8221;Rubik|700||on|||||&#8221; title_text_color=&#8221;#ff7355&#8243; title_font_size=&#8221;16px&#8221; title_letter_spacing=&#8221;5px&#8221; title_line_height=&#8221;2em&#8221; content_font=&#8221;Rubik||||||||&#8221; content_font_size=&#8221;18px&#8221; content_line_height=&#8221;2em&#8221; subhead_font=&#8221;Rubik|700|||||||&#8221; subhead_text_color=&#8221;rgba(0,0,0,0.8)&#8221; subhead_font_size=&#8221;50px&#8221; subhead_line_height=&#8221;1.4em&#8221; background_color=&#8221;#dedede&#8221; background_image=&#8221;http:\/\/fecongd.org\/direitolandia\/jogo\/wp-content\/uploads\/2020\/06\/direitolandia-homepage-bg.jpg&#8221; background_size=&#8221;contain&#8221; background_position=&#8221;bottom_center&#8221; custom_button_one=&#8221;on&#8221; button_one_text_size=&#8221;26px&#8221; button_one_text_color=&#8221;#ffffff&#8221; button_one_bg_color=&#8221;#ff7355&#8243; button_one_border_width=&#8221;15px&#8221; button_one_border_color=&#8221;rgba(210,159,104,0)&#8221; button_one_border_radius=&#8221;100px&#8221; button_one_letter_spacing=&#8221;0px&#8221; button_one_font=&#8221;Rubik|700|||||||&#8221; button_one_use_icon=&#8221;off&#8221; custom_button_two=&#8221;on&#8221; button_two_text_size=&#8221;16px&#8221; button_two_text_color=&#8221;#ffffff&#8221; button_two_bg_color=&#8221;rgba(0,0,0,0.6)&#8221; button_two_border_width=&#8221;15px&#8221; button_two_border_color=&#8221;rgba(210,159,104,0)&#8221; button_two_border_radius=&#8221;100px&#8221; button_two_letter_spacing=&#8221;0px&#8221; button_two_font=&#8221;Rubik|700|||||||&#8221; button_two_use_icon=&#8221;off&#8221; background_layout=&#8221;light&#8221; custom_margin=&#8221;|||&#8221; custom_padding=&#8221;10vw||24vw|&#8221; animation_style=&#8221;slide&#8221; animation_direction=&#8221;bottom&#8221; animation_intensity_slide=&#8221;1%&#8221; content_font_size_tablet=&#8221;&#8221; content_font_size_phone=&#8221;16px&#8221; content_font_size_last_edited=&#8221;on|phone&#8221; subhead_font_size_tablet=&#8221;&#8221; subhead_font_size_phone=&#8221;30px&#8221; subhead_font_size_last_edited=&#8221;on|phone&#8221; button_one_text_size_tablet=&#8221;&#8221; button_one_text_size_phone=&#8221;16px&#8221; button_one_text_size_last_edited=&#8221;on|phone&#8221; box_shadow_style=&#8221;preset6&#8243; box_shadow_vertical=&#8221;-10px&#8221; box_shadow_color=&#8221;rgba(0,0,0,0.2)&#8221; button_one_border_radius_hover=&#8221;100px&#8221; button_two_border_radius_hover=&#8221;100px&#8221; button_one_bg_color_hover=&#8221;#ff8a70&#8243; button_two_bg_color_hover=&#8221;#ff8a70&#8243; button_one_text_size__hover_enabled=&#8221;off&#8221; button_two_text_size__hover_enabled=&#8221;off&#8221; button_one_text_color__hover_enabled=&#8221;off&#8221; button_two_text_color__hover_enabled=&#8221;off&#8221; button_one_border_width__hover_enabled=&#8221;off&#8221; button_two_border_width__hover_enabled=&#8221;off&#8221; button_one_border_color__hover_enabled=&#8221;off&#8221; button_two_border_color__hover_enabled=&#8221;off&#8221; button_one_border_radius__hover_enabled=&#8221;on&#8221; button_one_border_radius__hover=&#8221;100px&#8221; button_two_border_radius__hover_enabled=&#8221;on&#8221; button_two_border_radius__hover=&#8221;100px&#8221; button_one_letter_spacing__hover_enabled=&#8221;off&#8221; button_two_letter_spacing__hover_enabled=&#8221;off&#8221; button_one_bg_color__hover_enabled=&#8221;on&#8221; button_one_bg_color__hover=&#8221;#ff8a70&#8243; button_two_bg_color__hover_enabled=&#8221;on&#8221; button_two_bg_color__hover=&#8221;#ff8a70&#8243;][\/et_pb_fullwidth_header][\/et_pb_section]<\/p>\n","protected":false},"excerpt":{"rendered":"<p>Direito \u00e0 Participa\u00e7\u00e3o O que \u00e9 que tu gostas mais do s\u00edtio onde vives? O que \u00e9 que achas que podes fazer para melhorar aquilo que achas que n\u00e3o est\u00e1 t\u00e3o bem? Desenha como gostarias que fosse o lugar onde vives e envia-nos para podermos colocar o teu desenho na galeria da Direitol\u00e2ndia. Name Nome [&hellip;]<\/p>\n","protected":false},"author":1,"featured_media":0,"parent":0,"menu_order":0,"comment_status":"closed","ping_status":"closed","template":"page-template-blank.php","meta":{"_et_pb_use_builder":"on","_et_pb_old_content":"","_et_gb_content_width":""},"_links":{"self":[{"href":"http:\/\/fecongd.org\/direitolandia\/jogo\/wp-json\/wp\/v2\/pages\/417"}],"collection":[{"href":"http:\/\/fecongd.org\/direitolandia\/jogo\/wp-json\/wp\/v2\/pages"}],"about":[{"href":"http:\/\/fecongd.org\/direitolandia\/jogo\/wp-json\/wp\/v2\/types\/page"}],"author":[{"embeddable":true,"href":"http:\/\/fecongd.org\/direitolandia\/jogo\/wp-json\/wp\/v2\/users\/1"}],"replies":[{"embeddable":true,"href":"http:\/\/fecongd.org\/direitolandia\/jogo\/wp-json\/wp\/v2\/comments?post=417"}],"version-history":[{"count":7,"href":"http:\/\/fecongd.org\/direitolandia\/jogo\/wp-json\/wp\/v2\/pages\/417\/revisions"}],"predecessor-version":[{"id":895,"href":"http:\/\/fecongd.org\/direitolandia\/jogo\/wp-json\/wp\/v2\/pages\/417\/revisions\/895"}],"wp:attachment":[{"href":"http:\/\/fecongd.org\/direitolandia\/jogo\/wp-json\/wp\/v2\/media?parent=417"}],"curies":[{"name":"wp","href":"https:\/\/api.w.org\/{rel}","templated":true}]}}