{"id":380,"date":"2020-06-18T00:38:53","date_gmt":"2020-06-17T23:38:53","guid":{"rendered":"http:\/\/fecongd.org\/direitolandia\/jogo\/?page_id=380"},"modified":"2020-06-24T11:12:31","modified_gmt":"2020-06-24T10:12:31","slug":"sentir-a-diversidade","status":"publish","type":"page","link":"http:\/\/fecongd.org\/direitolandia\/jogo\/sentir-a-diversidade\/","title":{"rendered":"Sentir a Diversidade"},"content":{"rendered":"<p>[et_pb_section fb_built=&#8221;1&#8243; admin_label=&#8221;Section&#8221; _builder_version=&#8221;4.4.8&#8243; background_color=&#8221;#dcdcdc&#8221; custom_padding=&#8221;15px||20px|||&#8221; border_color_bottom=&#8221;#28aae1&#8243;][et_pb_row _builder_version=&#8221;4.4.8&#8243;][et_pb_column type=&#8221;4_4&#8243; _builder_version=&#8221;4.4.8&#8243;][et_pb_text _builder_version=&#8221;4.4.8&#8243; background_color=&#8221;#dcdcdc&#8221;]<\/p>\n<p style=\"text-align: center;\"><a href=\"http:\/\/fecongd.org\/direitolandia\/jogo\/os-nossos-direitos\/\"><img loading=\"lazy\" class=\"alignnone wp-image-601\" src=\"http:\/\/fecongd.org\/direitolandia\/jogo\/wp-content\/uploads\/2020\/06\/previous-150x150.png\" alt=\"\" width=\"50\" height=\"50\" srcset=\"http:\/\/fecongd.org\/direitolandia\/jogo\/wp-content\/uploads\/2020\/06\/previous-150x150.png 150w, http:\/\/fecongd.org\/direitolandia\/jogo\/wp-content\/uploads\/2020\/06\/previous.png 300w\" sizes=\"(max-width: 50px) 100vw, 50px\" \/><\/a><a href=\"http:\/\/fecongd.org\/direitolandia\/jogo\"><img loading=\"lazy\" class=\"alignnone wp-image-599\" src=\"http:\/\/fecongd.org\/direitolandia\/jogo\/wp-content\/uploads\/2020\/06\/home-150x150.png\" alt=\"\" width=\"50\" height=\"50\" srcset=\"http:\/\/fecongd.org\/direitolandia\/jogo\/wp-content\/uploads\/2020\/06\/home-150x150.png 150w, http:\/\/fecongd.org\/direitolandia\/jogo\/wp-content\/uploads\/2020\/06\/home.png 300w\" sizes=\"(max-width: 50px) 100vw, 50px\" \/><\/a><a href=\"http:\/\/fecongd.org\/direitolandia\/jogo\/educacao\/\"><img loading=\"lazy\" class=\"alignnone wp-image-599\" src=\"http:\/\/fecongd.org\/direitolandia\/jogo\/wp-content\/uploads\/2020\/06\/next-150x150.png\" alt=\"\" width=\"50\" height=\"50\" \/><\/a><\/p>\n<p>[\/et_pb_text][et_pb_text _builder_version=&#8221;4.4.8&#8243; header_2_font=&#8221;Rubik|700||on|||||&#8221; header_2_text_align=&#8221;center&#8221; header_2_text_color=&#8221;#3f3f3f&#8221; header_2_font_size=&#8221;36px&#8221;]<\/p>\n<h2>Sentir a Diversidade<\/h2>\n<p>[\/et_pb_text][et_pb_text _builder_version=&#8221;4.4.8&#8243; text_font=&#8221;Rubik||||||||&#8221; text_font_size=&#8221;17px&#8221; text_orientation=&#8221;center&#8221; custom_padding=&#8221;||30px||false|false&#8221;]<\/p>\n<div class=\"et_pb_module et_pb_text et_pb_text_3  et_pb_text_align_center et_pb_bg_layout_light\">\n<div class=\"et_pb_text_inner\">\n<p style=\"text-align: center;\">Na Europa, nas Am\u00e9ricas, na \u00c1sia, em \u00c1frica ou na Oce\u00e2nia, as crian\u00e7as t\u00eam os mesmos direitos, mas as suas culturas e tradi\u00e7\u00f5es s\u00e3o muito diferentes. Tamb\u00e9m as escolas e os espa\u00e7os de ensino s\u00e3o muito diferentes em todo o globo.<\/p>\n<p style=\"text-align: center;\"><strong>V\u00ea as imagens seguintes e identifica as semelhan\u00e7as e diferen\u00e7as com a tua sala de aula.<\/strong><\/p>\n<p style=\"text-align: center;\">Envia-nos um desenho feito por ti da tua sala de aula para podermos colocar na galeria da Direitol\u00e2ndia.<\/p>\n<\/div>\n<\/div>\n<p>[\/et_pb_text][et_pb_text disabled_on=&#8221;off|off|off&#8221; admin_label=&#8221;formulario&#8221; _builder_version=&#8221;4.4.8&#8243; text_font=&#8221;Rubik|500|||||||&#8221; text_font_size=&#8221;16px&#8221; text_line_height=&#8221;2em&#8221; header_font=&#8221;||||||||&#8221; header_2_font=&#8221;Rubik|700|||||||&#8221; header_2_font_size=&#8221;40px&#8221; header_2_line_height=&#8221;1.4em&#8221; header_5_font=&#8221;Rubik|700||on|||||&#8221; header_5_text_color=&#8221;#2b76df&#8221; header_5_letter_spacing=&#8221;5px&#8221; header_5_line_height=&#8221;1.5em&#8221; text_orientation=&#8221;center&#8221; max_width=&#8221;700px&#8221; module_alignment=&#8221;center&#8221; custom_margin=&#8221;|||&#8221; custom_margin_tablet=&#8221;0px|||&#8221; custom_margin_last_edited=&#8221;off|desktop&#8221; text_line_height_last_edited=&#8221;off|desktop&#8221; header_2_font_size_tablet=&#8221;&#8221; header_2_font_size_phone=&#8221;30px&#8221; header_2_font_size_last_edited=&#8221;on|phone&#8221;]<\/p>\n<div class=\"caldera-grid\" id=\"caldera_form_1\" data-cf-ver=\"1.9.6\" data-cf-form-id=\"CF5ef280ddae1ab\"><div id=\"caldera_notices_1\" data-spinner=\"http:\/\/fecongd.org\/direitolandia\/jogo\/wp-admin\/images\/spinner.gif\"><\/div><form data-instance=\"1\" class=\"CF5ef280ddae1ab caldera_forms_form cfajax-trigger\" method=\"POST\" enctype=\"multipart\/form-data\" id=\"CF5ef280ddae1ab_1\" data-form-id=\"CF5ef280ddae1ab\" aria-label=\"educacao\" data-target=\"#caldera_notices_1\" data-template=\"#cfajax_CF5ef280ddae1ab-tmpl\" data-cfajax=\"CF5ef280ddae1ab\" data-load-element=\"_parent\" data-load-class=\"cf_processing\" data-post-disable=\"0\" data-action=\"cf_process_ajax_submit\" data-request=\"http:\/\/fecongd.org\/direitolandia\/jogo\/cf-api\/CF5ef280ddae1ab\" data-hiderows=\"true\">\r\n<input type=\"hidden\" id=\"_cf_verify_CF5ef280ddae1ab\" name=\"_cf_verify\" value=\"fd2ccaa430\"  data-nonce-time=\"1776760198\" \/><input type=\"hidden\" name=\"_wp_http_referer\" value=\"\/direitolandia\/jogo\/wp-json\/wp\/v2\/pages\/380\" \/><div id=\"cf2-CF5ef280ddae1ab_1\"><\/div><input type=\"hidden\" name=\"_cf_frm_id\" value=\"CF5ef280ddae1ab\">\r\n<input type=\"hidden\" name=\"_cf_frm_ct\" value=\"1\">\r\n<input type=\"hidden\" name=\"cfajax\" value=\"CF5ef280ddae1ab\">\r\n<input type=\"hidden\" name=\"_cf_cr_pst\" value=\"380\">\r\n<div class=\"hide\" style=\"display:none; overflow:hidden;height:0;width:0;\">\r\n<label>Phone<\/label><input type=\"text\" name=\"phone\" value=\"\" autocomplete=\"off\">\r\n<\/div><div id=\"CF5ef280ddae1ab_1-row-1\"  class=\"row  first_row\"><div  class=\"col-sm-12  single\"><div data-field-wrapper=\"fld_8768091\" class=\"form-group\" id=\"fld_8768091_1-wrap\">\r\n\t<label id=\"fld_8768091Label\" for=\"fld_8768091_1\" class=\"control-label\">Nome <span aria-hidden=\"true\" role=\"presentation\" class=\"field_required\" style=\"color:#ee0000;\">*<\/span><\/label>\r\n\t<div class=\"\">\r\n\t\t<input   required type=\"text\" data-field=\"fld_8768091\" class=\" form-control\" id=\"fld_8768091_1\" name=\"fld_8768091\" value=\"\" data-type=\"text\" aria-required=\"true\"   aria-labelledby=\"fld_8768091Label\" >\t\t\t<\/div>\r\n<\/div>\r\n<\/div><\/div><div id=\"CF5ef280ddae1ab_1-row-2\"  class=\"row \"><div  class=\"col-sm-12  single\"><div data-field-wrapper=\"fld_6009157\" class=\"form-group\" id=\"fld_6009157_1-wrap\">\r\n\t<label id=\"fld_6009157Label\" for=\"fld_6009157_1\" class=\"control-label\">Email <span aria-hidden=\"true\" role=\"presentation\" class=\"field_required\" style=\"color:#ee0000;\">*<\/span><\/label>\r\n\t<div class=\"\">\r\n\t\t<input   required type=\"email\" data-field=\"fld_6009157\" class=\" form-control\" id=\"fld_6009157_1\" name=\"fld_6009157\" value=\"\" data-type=\"email\" aria-required=\"true\"   aria-labelledby=\"fld_6009157Label\" >\t\t\t<\/div>\r\n<\/div>\r\n<\/div><\/div><div id=\"CF5ef280ddae1ab_1-row-3\"  class=\"row \"><div  class=\"col-sm-12  single\"><div data-field-wrapper=\"fld_7683514\" class=\"form-group\" id=\"fld_7683514_1-wrap\">\r\n\t<label id=\"fld_7683514Label\" for=\"fld_7683514_1\" class=\"control-label\">Desenho da sala de aula <span aria-hidden=\"true\" role=\"presentation\" class=\"field_required\" style=\"color:#ee0000;\">*<\/span><\/label>\r\n\t<div class=\"file-prevent-overflow\">\r\n\t\t<div id=\"fld_7683514_1_file_list\" class=\"cf-multi-uploader-list\"><\/div>\n\t\t\t\t<input type=\"file\" name=\"fld_7683514\" value=\"\" data-field=\"fld_7683514\" class=\"\" id=\"fld_7683514_1\" data-controlid=\"trupl69e7358693ae3\"   required=\"required\"   aria-labelledby=\"fld_7683514Label\">\n\t\t<input type=\"hidden\" name=\"fld_7683514\" value=\"trupl69e7358693ae3\">\n\t\t\t<\/div>\r\n<\/div>\r\n<\/div><\/div><div id=\"CF5ef280ddae1ab_1-row-4\"  class=\"row  last_row\"><div  class=\"col-sm-12  single\"><div data-field-wrapper=\"fld_7908577\" class=\"form-group\" id=\"fld_7908577_1-wrap\">\r\n<div class=\"\">\r\n\t<input  class=\"btn btn-default\" type=\"submit\" name=\"fld_7908577\" id=\"fld_7908577_1\" value=\"Enviar\" data-field=\"fld_7908577\"  >\n<\/div>\r\n<\/div>\r\n\t<input class=\"button_trigger_1\" type=\"hidden\" name=\"fld_7908577\" id=\"fld_7908577_1_btn\" value=\"\" data-field=\"fld_7908577\"  \/>\n<\/div><\/div><\/form>\r\n<\/div>\r\n\n<p>[\/et_pb_text][\/et_pb_column][\/et_pb_row][\/et_pb_section][et_pb_section fb_built=&#8221;1&#8243; admin_label=&#8221;V\u00eddeo de apresenta\u00e7\u00e3o&#8221; _builder_version=&#8221;4.4.8&#8243; background_color=&#8221;#dcdcdc&#8221; background_enable_image=&#8221;off&#8221; parallax=&#8221;on&#8221; custom_margin=&#8221;-50px||||false|false&#8221; custom_padding=&#8221;0px|0px||0px|false|false&#8221;][et_pb_row admin_label=&#8221;V\u00eddeo&#8221; _builder_version=&#8221;4.4.8&#8243; locked=&#8221;off&#8221;][et_pb_column type=&#8221;4_4&#8243; _builder_version=&#8221;3.25&#8243; custom_padding=&#8221;|||&#8221; custom_padding__hover=&#8221;|||&#8221;][et_pb_gallery gallery_ids=&#8221;407,403,401,400,399,398,397,396,395,394,393,392,391,390,389,388,387,386,384&#8243; fullwidth=&#8221;on&#8221; _builder_version=&#8221;4.4.8&#8243; background_color=&#8221;#dcdcdc&#8221; auto=&#8221;on&#8221; auto_speed=&#8221;3000&#8243;][\/et_pb_gallery][et_pb_text _builder_version=&#8221;4.4.8&#8243; hover_enabled=&#8221;0&#8243;]<\/p>\n<p style=\"text-align: center;\"><em>@ Escola do mundo: do Burundi \u00e0 Amaz\u00f3nia &#8211; Di\u00e1rio de Not\u00edcias\/REUTERS<\/em><\/p>\n<p>[\/et_pb_text][\/et_pb_column][\/et_pb_row][\/et_pb_section]<\/p>\n","protected":false},"excerpt":{"rendered":"<p>Sentir a Diversidade Na Europa, nas Am\u00e9ricas, na \u00c1sia, em \u00c1frica ou na Oce\u00e2nia, as crian\u00e7as t\u00eam os mesmos direitos, mas as suas culturas e tradi\u00e7\u00f5es s\u00e3o muito diferentes. Tamb\u00e9m as escolas e os espa\u00e7os de ensino s\u00e3o muito diferentes em todo o globo. V\u00ea as imagens seguintes e identifica as semelhan\u00e7as e diferen\u00e7as com [&hellip;]<\/p>\n","protected":false},"author":1,"featured_media":0,"parent":0,"menu_order":0,"comment_status":"closed","ping_status":"closed","template":"page-template-blank.php","meta":{"_et_pb_use_builder":"on","_et_pb_old_content":"","_et_gb_content_width":""},"_links":{"self":[{"href":"http:\/\/fecongd.org\/direitolandia\/jogo\/wp-json\/wp\/v2\/pages\/380"}],"collection":[{"href":"http:\/\/fecongd.org\/direitolandia\/jogo\/wp-json\/wp\/v2\/pages"}],"about":[{"href":"http:\/\/fecongd.org\/direitolandia\/jogo\/wp-json\/wp\/v2\/types\/page"}],"author":[{"embeddable":true,"href":"http:\/\/fecongd.org\/direitolandia\/jogo\/wp-json\/wp\/v2\/users\/1"}],"replies":[{"embeddable":true,"href":"http:\/\/fecongd.org\/direitolandia\/jogo\/wp-json\/wp\/v2\/comments?post=380"}],"version-history":[{"count":17,"href":"http:\/\/fecongd.org\/direitolandia\/jogo\/wp-json\/wp\/v2\/pages\/380\/revisions"}],"predecessor-version":[{"id":907,"href":"http:\/\/fecongd.org\/direitolandia\/jogo\/wp-json\/wp\/v2\/pages\/380\/revisions\/907"}],"wp:attachment":[{"href":"http:\/\/fecongd.org\/direitolandia\/jogo\/wp-json\/wp\/v2\/media?parent=380"}],"curies":[{"name":"wp","href":"https:\/\/api.w.org\/{rel}","templated":true}]}}