{"id":318,"date":"2020-06-17T19:03:25","date_gmt":"2020-06-17T18:03:25","guid":{"rendered":"http:\/\/fecongd.org\/direitolandia\/jogo\/?page_id=318"},"modified":"2020-06-24T09:53:03","modified_gmt":"2020-06-24T08:53:03","slug":"protecao","status":"publish","type":"page","link":"http:\/\/fecongd.org\/direitolandia\/jogo\/protecao\/","title":{"rendered":"Prote\u00e7\u00e3o"},"content":{"rendered":"<p>[et_pb_section fb_built=&#8221;1&#8243; admin_label=&#8221;Section&#8221; _builder_version=&#8221;4.4.8&#8243; background_color=&#8221;#dcdcdc&#8221; custom_padding=&#8221;15px||20px|||&#8221; border_color_bottom=&#8221;#28aae1&#8243;][et_pb_row _builder_version=&#8221;4.4.8&#8243;][et_pb_column type=&#8221;4_4&#8243; _builder_version=&#8221;4.4.8&#8243;][et_pb_text _builder_version=&#8221;4.4.8&#8243; background_color=&#8221;#dcdcdc&#8221;]<\/p>\n<p style=\"text-align: center;\"><a href=\"http:\/\/fecongd.org\/direitolandia\/jogo\/cuidados\/\"><img loading=\"lazy\" class=\"alignnone wp-image-601\" src=\"http:\/\/fecongd.org\/direitolandia\/jogo\/wp-content\/uploads\/2020\/06\/previous-150x150.png\" alt=\"\" width=\"50\" height=\"50\" srcset=\"http:\/\/fecongd.org\/direitolandia\/jogo\/wp-content\/uploads\/2020\/06\/previous-150x150.png 150w, http:\/\/fecongd.org\/direitolandia\/jogo\/wp-content\/uploads\/2020\/06\/previous.png 300w\" sizes=\"(max-width: 50px) 100vw, 50px\" \/><\/a><a href=\"http:\/\/fecongd.org\/direitolandia\/jogo\"><img loading=\"lazy\" class=\"alignnone wp-image-599\" src=\"http:\/\/fecongd.org\/direitolandia\/jogo\/wp-content\/uploads\/2020\/06\/home-150x150.png\" alt=\"\" width=\"50\" height=\"50\" srcset=\"http:\/\/fecongd.org\/direitolandia\/jogo\/wp-content\/uploads\/2020\/06\/home-150x150.png 150w, http:\/\/fecongd.org\/direitolandia\/jogo\/wp-content\/uploads\/2020\/06\/home.png 300w\" sizes=\"(max-width: 50px) 100vw, 50px\" \/><\/a><a href=\"http:\/\/fecongd.org\/direitolandia\/jogo\/brincar\/\"><img loading=\"lazy\" class=\"alignnone wp-image-599\" src=\"http:\/\/fecongd.org\/direitolandia\/jogo\/wp-content\/uploads\/2020\/06\/next-150x150.png\" alt=\"\" width=\"50\" height=\"50\" \/><\/a><\/p>\n<p>[\/et_pb_text][et_pb_text _builder_version=&#8221;4.4.8&#8243; header_2_font=&#8221;Rubik|700||on|||||&#8221; header_2_text_align=&#8221;center&#8221; header_2_text_color=&#8221;#3f3f3f&#8221; header_2_font_size=&#8221;36px&#8221;]<\/p>\n<h2>Direito \u00e0 Prote\u00e7\u00e3o<\/h2>\n<p>[\/et_pb_text][et_pb_text _builder_version=&#8221;4.4.8&#8243; text_font=&#8221;Rubik||||||||&#8221; text_font_size=&#8221;17px&#8221; text_orientation=&#8221;center&#8221; hover_enabled=&#8221;0&#8243;]<\/p>\n<p style=\"text-align: center;\">Todas as crian\u00e7as devem ser protegidas contra todas as formas de abandono, crueldade e explora\u00e7\u00e3o.<\/p>\n<p style=\"text-align: center;\">V\u00ea o v\u00eddeo seguinte \u2013 \u201cO Cabe\u00e7udo\u201d \u2013 e responde \u00e0s perguntas sobre o v\u00eddeo.<\/p>\n<p>[\/et_pb_text][\/et_pb_column][\/et_pb_row][\/et_pb_section][et_pb_section fb_built=&#8221;1&#8243; admin_label=&#8221;V\u00eddeo de apresenta\u00e7\u00e3o&#8221; _builder_version=&#8221;4.4.8&#8243; background_color=&#8221;#dcdcdc&#8221; background_enable_image=&#8221;off&#8221; parallax=&#8221;on&#8221; custom_margin=&#8221;-50px||||false|false&#8221; custom_padding=&#8221;0px|0px||0px|false|false&#8221;][et_pb_row admin_label=&#8221;V\u00eddeo&#8221; _builder_version=&#8221;4.4.8&#8243; background_color=&#8221;#dcdcdc&#8221; locked=&#8221;off&#8221;][et_pb_column type=&#8221;4_4&#8243; _builder_version=&#8221;3.25&#8243; custom_padding=&#8221;|||&#8221; custom_padding__hover=&#8221;|||&#8221;][et_pb_video src=&#8221;https:\/\/vimeo.com\/129963356&#8243; image_src=&#8221;\/\/i.vimeocdn.com\/video\/523232471_960.jpg&#8221; thumbnail_overlay_color=&#8221;rgba(0,0,0,0.6)&#8221; _builder_version=&#8221;4.4.8&#8243; border_radii=&#8221;on|10px|10px|10px|10px&#8221;][\/et_pb_video][et_pb_blurb title=&#8221;Mission&#8221; use_icon=&#8221;on&#8221; font_icon=&#8221;%%111%%&#8221; icon_color=&#8221;#2b76df&#8221; use_icon_font_size=&#8221;on&#8221; icon_font_size=&#8221;32px&#8221; disabled_on=&#8221;on|on|on&#8221; _builder_version=&#8221;3.4.1&#8243; header_font=&#8221;Cabin Sketch|700||on|||||&#8221; header_text_color=&#8221;#ff7355&#8243; header_font_size=&#8221;20px&#8221; header_letter_spacing=&#8221;5px&#8221; header_line_height=&#8221;1.5em&#8221; text_orientation=&#8221;center&#8221; custom_margin=&#8221;||0px|&#8221; disabled=&#8221;on&#8221; locked=&#8221;off&#8221;][\/et_pb_blurb][et_pb_button button_url=&#8221;#top&#8221; button_text=&#8221;Get Involved&#8221; button_alignment=&#8221;center&#8221; disabled_on=&#8221;on|on|on&#8221; _builder_version=&#8221;3.16&#8243; custom_button=&#8221;on&#8221; button_text_size=&#8221;17px&#8221; button_bg_color=&#8221;#2b76df&#8221; button_border_width=&#8221;10px&#8221; button_border_color=&#8221;rgba(43,118,223,0)&#8221; button_border_radius=&#8221;100px&#8221; button_font=&#8221;Rubik|700|||||||&#8221; button_use_icon=&#8221;off&#8221; background_layout=&#8221;dark&#8221; button_bg_color_hover=&#8221;#4f8bdd&#8221; disabled=&#8221;on&#8221; locked=&#8221;off&#8221; button_text_size__hover_enabled=&#8221;off&#8221; button_one_text_size__hover_enabled=&#8221;off&#8221; button_two_text_size__hover_enabled=&#8221;off&#8221; button_text_color__hover_enabled=&#8221;off&#8221; button_one_text_color__hover_enabled=&#8221;off&#8221; button_two_text_color__hover_enabled=&#8221;off&#8221; button_border_width__hover_enabled=&#8221;off&#8221; button_one_border_width__hover_enabled=&#8221;off&#8221; button_two_border_width__hover_enabled=&#8221;off&#8221; button_border_color__hover_enabled=&#8221;off&#8221; button_one_border_color__hover_enabled=&#8221;off&#8221; button_two_border_color__hover_enabled=&#8221;off&#8221; button_border_radius__hover_enabled=&#8221;off&#8221; button_one_border_radius__hover_enabled=&#8221;off&#8221; button_two_border_radius__hover_enabled=&#8221;off&#8221; button_letter_spacing__hover_enabled=&#8221;off&#8221; button_one_letter_spacing__hover_enabled=&#8221;off&#8221; button_two_letter_spacing__hover_enabled=&#8221;off&#8221; button_bg_color__hover_enabled=&#8221;on&#8221; button_bg_color__hover=&#8221;#4f8bdd&#8221; button_one_bg_color__hover_enabled=&#8221;off&#8221; button_two_bg_color__hover_enabled=&#8221;off&#8221;][\/et_pb_button][et_pb_contact_form email=&#8221;emanuel.m.oliveira@gmail.com&#8221; success_message=&#8221;Obrigado pelas tuas sugest\u00f5es&#8221; submit_button_text=&#8221;ENVIAR&#8221; _builder_version=&#8221;4.4.8&#8243; form_field_text_color=&#8221;#595959&#8243; captcha_font=&#8221;Rubik||||||||&#8221; captcha_font_size=&#8221;17px&#8221; form_field_font=&#8221;Rubik||||||||&#8221; form_field_font_size=&#8221;20px&#8221; form_field_line_height=&#8221;2em&#8221; custom_button=&#8221;on&#8221; button_text_color=&#8221;#ffffff&#8221; button_bg_color=&#8221;#0d88e5&#8243; button_border_color=&#8221;#0d88e5&#8243; button_font=&#8221;Rubik|700|||||||&#8221;][et_pb_contact_field field_id=&#8221;Sentimentos&#8221; field_title=&#8221;Como ser\u00e1 que o cabe\u00e7udo se sente?&#8221; field_type=&#8221;text&#8221; required_mark=&#8221;off&#8221; _builder_version=&#8221;4.4.8&#8243; button_text_size__hover_enabled=&#8221;off&#8221; button_one_text_size__hover_enabled=&#8221;off&#8221; button_two_text_size__hover_enabled=&#8221;off&#8221; button_text_color__hover_enabled=&#8221;off&#8221; button_one_text_color__hover_enabled=&#8221;off&#8221; button_two_text_color__hover_enabled=&#8221;off&#8221; button_border_width__hover_enabled=&#8221;off&#8221; button_one_border_width__hover_enabled=&#8221;off&#8221; button_two_border_width__hover_enabled=&#8221;off&#8221; button_border_color__hover_enabled=&#8221;off&#8221; button_one_border_color__hover_enabled=&#8221;off&#8221; button_two_border_color__hover_enabled=&#8221;off&#8221; button_border_radius__hover_enabled=&#8221;off&#8221; button_one_border_radius__hover_enabled=&#8221;off&#8221; button_two_border_radius__hover_enabled=&#8221;off&#8221; button_letter_spacing__hover_enabled=&#8221;off&#8221; button_one_letter_spacing__hover_enabled=&#8221;off&#8221; button_two_letter_spacing__hover_enabled=&#8221;off&#8221; button_bg_color__hover_enabled=&#8221;off&#8221; button_one_bg_color__hover_enabled=&#8221;off&#8221; button_two_bg_color__hover_enabled=&#8221;off&#8221;][\/et_pb_contact_field][et_pb_contact_field field_id=&#8221;Ajuda&#8221; field_title=&#8221;Quem poderia ajud\u00e1-lo?&#8221; field_type=&#8221;text&#8221; required_mark=&#8221;off&#8221; _builder_version=&#8221;4.4.8&#8243; button_text_size__hover_enabled=&#8221;off&#8221; button_one_text_size__hover_enabled=&#8221;off&#8221; button_two_text_size__hover_enabled=&#8221;off&#8221; button_text_color__hover_enabled=&#8221;off&#8221; button_one_text_color__hover_enabled=&#8221;off&#8221; button_two_text_color__hover_enabled=&#8221;off&#8221; button_border_width__hover_enabled=&#8221;off&#8221; button_one_border_width__hover_enabled=&#8221;off&#8221; button_two_border_width__hover_enabled=&#8221;off&#8221; button_border_color__hover_enabled=&#8221;off&#8221; button_one_border_color__hover_enabled=&#8221;off&#8221; button_two_border_color__hover_enabled=&#8221;off&#8221; button_border_radius__hover_enabled=&#8221;off&#8221; button_one_border_radius__hover_enabled=&#8221;off&#8221; button_two_border_radius__hover_enabled=&#8221;off&#8221; button_letter_spacing__hover_enabled=&#8221;off&#8221; button_one_letter_spacing__hover_enabled=&#8221;off&#8221; button_two_letter_spacing__hover_enabled=&#8221;off&#8221; button_bg_color__hover_enabled=&#8221;off&#8221; button_one_bg_color__hover_enabled=&#8221;off&#8221; button_two_bg_color__hover_enabled=&#8221;off&#8221;][\/et_pb_contact_field][et_pb_contact_field field_id=&#8221;Pessoal&#8221; field_title=&#8221;De que forma \u00e9 que cada um de n\u00f3s pode contribuir para ajudar a resolver este problema?&#8221; field_type=&#8221;text&#8221; required_mark=&#8221;off&#8221; fullwidth_field=&#8221;on&#8221; _builder_version=&#8221;4.4.8&#8243; button_text_size__hover_enabled=&#8221;off&#8221; button_one_text_size__hover_enabled=&#8221;off&#8221; button_two_text_size__hover_enabled=&#8221;off&#8221; button_text_color__hover_enabled=&#8221;off&#8221; button_one_text_color__hover_enabled=&#8221;off&#8221; button_two_text_color__hover_enabled=&#8221;off&#8221; button_border_width__hover_enabled=&#8221;off&#8221; button_one_border_width__hover_enabled=&#8221;off&#8221; button_two_border_width__hover_enabled=&#8221;off&#8221; button_border_color__hover_enabled=&#8221;off&#8221; button_one_border_color__hover_enabled=&#8221;off&#8221; button_two_border_color__hover_enabled=&#8221;off&#8221; button_border_radius__hover_enabled=&#8221;off&#8221; button_one_border_radius__hover_enabled=&#8221;off&#8221; button_two_border_radius__hover_enabled=&#8221;off&#8221; button_letter_spacing__hover_enabled=&#8221;off&#8221; button_one_letter_spacing__hover_enabled=&#8221;off&#8221; button_two_letter_spacing__hover_enabled=&#8221;off&#8221; button_bg_color__hover_enabled=&#8221;off&#8221; button_one_bg_color__hover_enabled=&#8221;off&#8221; button_two_bg_color__hover_enabled=&#8221;off&#8221;][\/et_pb_contact_field][\/et_pb_contact_form][\/et_pb_column][\/et_pb_row][\/et_pb_section]<\/p>\n","protected":false},"excerpt":{"rendered":"<p>Direito \u00e0 Prote\u00e7\u00e3o Todas as crian\u00e7as devem ser protegidas contra todas as formas de abandono, crueldade e explora\u00e7\u00e3o. V\u00ea o v\u00eddeo seguinte \u2013 \u201cO Cabe\u00e7udo\u201d \u2013 e responde \u00e0s perguntas sobre o v\u00eddeo. Como ser\u00e1 que o cabe\u00e7udo se sente? Quem poderia ajud\u00e1-lo? De que forma \u00e9 que cada um de n\u00f3s pode contribuir para [&hellip;]<\/p>\n","protected":false},"author":1,"featured_media":0,"parent":0,"menu_order":0,"comment_status":"closed","ping_status":"closed","template":"page-template-blank.php","meta":{"_et_pb_use_builder":"on","_et_pb_old_content":"","_et_gb_content_width":""},"_links":{"self":[{"href":"http:\/\/fecongd.org\/direitolandia\/jogo\/wp-json\/wp\/v2\/pages\/318"}],"collection":[{"href":"http:\/\/fecongd.org\/direitolandia\/jogo\/wp-json\/wp\/v2\/pages"}],"about":[{"href":"http:\/\/fecongd.org\/direitolandia\/jogo\/wp-json\/wp\/v2\/types\/page"}],"author":[{"embeddable":true,"href":"http:\/\/fecongd.org\/direitolandia\/jogo\/wp-json\/wp\/v2\/users\/1"}],"replies":[{"embeddable":true,"href":"http:\/\/fecongd.org\/direitolandia\/jogo\/wp-json\/wp\/v2\/comments?post=318"}],"version-history":[{"count":31,"href":"http:\/\/fecongd.org\/direitolandia\/jogo\/wp-json\/wp\/v2\/pages\/318\/revisions"}],"predecessor-version":[{"id":890,"href":"http:\/\/fecongd.org\/direitolandia\/jogo\/wp-json\/wp\/v2\/pages\/318\/revisions\/890"}],"wp:attachment":[{"href":"http:\/\/fecongd.org\/direitolandia\/jogo\/wp-json\/wp\/v2\/media?parent=318"}],"curies":[{"name":"wp","href":"https:\/\/api.w.org\/{rel}","templated":true}]}}